{"id":158,"date":"2019-09-09T16:40:45","date_gmt":"2019-09-09T14:40:45","guid":{"rendered":"https:\/\/www.florianbagur.fr\/wordpress_dubois\/?page_id=158"},"modified":"2019-09-13T09:11:05","modified_gmt":"2019-09-13T07:11:05","slug":"environnement","status":"publish","type":"page","link":"https:\/\/www.florianbagur.fr\/wordpress_dubois\/environnement\/","title":{"rendered":"Environnement"},"content":{"rendered":"\t\t<div data-elementor-type=\"wp-post\" data-elementor-id=\"158\" class=\"elementor elementor-158\" data-elementor-settings=\"[]\">\n\t\t\t\t\t\t<div class=\"elementor-inner\">\n\t\t\t\t\t\t\t<div class=\"elementor-section-wrap\">\n\t\t\t\t\t\t\t<section class=\"elementor-section elementor-top-section elementor-element elementor-element-7250ebd environnement elementor-section-boxed elementor-section-height-default elementor-section-height-default\" data-id=\"7250ebd\" data-element_type=\"section\">\n\t\t\t\t\t\t<div class=\"elementor-container elementor-column-gap-default\">\n\t\t\t\t\t\t\t<div class=\"elementor-row\">\n\t\t\t\t\t<div class=\"elementor-column elementor-col-100 elementor-top-column elementor-element elementor-element-a469ea0 animated-slow elementor-invisible\" data-id=\"a469ea0\" data-element_type=\"column\" data-settings=\"{&quot;animation&quot;:&quot;fadeIn&quot;}\">\n\t\t\t<div class=\"elementor-column-wrap elementor-element-populated\">\n\t\t\t\t\t\t\t<div class=\"elementor-widget-wrap\">\n\t\t\t\t\t\t<div class=\"elementor-element elementor-element-c92838c elementor-widget elementor-widget-text-editor\" data-id=\"c92838c\" data-element_type=\"widget\" data-widget_type=\"text-editor.default\">\n\t\t\t\t<div class=\"elementor-widget-container\">\n\t\t\t\t\t<div class=\"elementor-text-editor elementor-clearfix\"><h1>Prendre soin de l\u2019environnement<\/h1><p>Parce que chez champagne Fran\u00e7ois Dubois, nous travaillons les vignes avec soin depuis 1764, nous mettons tout en oeuvre pour limiter et r\u00e9duire les produits utilis\u00e9s. Nos objectifs pour 2016 sont d\u2019obtenir la certification \u00ab Viticulture Durable \u00bb et d\u2019atteindre z\u00e9ros d\u00e9sherbants. <br \/>Afin de vous montrer que nous prenons tr\u00e8s au s\u00e9rieux les probl\u00e9matiques de sant\u00e9 et environnementales, nous publions des extraits des rapports d\u2019analyse effectu\u00e9s sur nos vins.<\/p><\/div>\n\t\t\t\t<\/div>\n\t\t\t\t<\/div>\n\t\t\t\t\t\t<\/div>\n\t\t\t\t\t<\/div>\n\t\t<\/div>\n\t\t\t\t\t\t\t\t<\/div>\n\t\t\t\t\t<\/div>\n\t\t<\/section>\n\t\t\t\t<section class=\"elementor-section elementor-top-section elementor-element elementor-element-6b1dad5 elementor-section-full_width beige elementor-section-height-default elementor-section-height-default\" data-id=\"6b1dad5\" data-element_type=\"section\">\n\t\t\t\t\t\t<div class=\"elementor-container elementor-column-gap-no\">\n\t\t\t\t\t\t\t<div class=\"elementor-row\">\n\t\t\t\t\t<div class=\"elementor-column elementor-col-100 elementor-top-column elementor-element elementor-element-47fe516\" data-id=\"47fe516\" data-element_type=\"column\">\n\t\t\t<div class=\"elementor-column-wrap elementor-element-populated\">\n\t\t\t\t\t\t\t<div class=\"elementor-widget-wrap\">\n\t\t\t\t\t\t<section class=\"elementor-section elementor-inner-section elementor-element elementor-element-40dc3cf elementor-section-boxed elementor-section-height-default elementor-section-height-default\" data-id=\"40dc3cf\" data-element_type=\"section\">\n\t\t\t\t\t\t<div class=\"elementor-container elementor-column-gap-no\">\n\t\t\t\t\t\t\t<div class=\"elementor-row\">\n\t\t\t\t\t<div class=\"elementor-column elementor-col-50 elementor-inner-column elementor-element elementor-element-cd72c87 elementor-invisible\" data-id=\"cd72c87\" data-element_type=\"column\" data-settings=\"{&quot;animation&quot;:&quot;slideInLeft&quot;,&quot;animation_delay&quot;:500}\">\n\t\t\t<div class=\"elementor-column-wrap elementor-element-populated\">\n\t\t\t\t\t\t\t<div class=\"elementor-widget-wrap\">\n\t\t\t\t\t\t<div class=\"elementor-element elementor-element-05a837b elementor-widget elementor-widget-image\" data-id=\"05a837b\" data-element_type=\"widget\" data-widget_type=\"image.default\">\n\t\t\t\t<div class=\"elementor-widget-container\">\n\t\t\t\t\t<div class=\"elementor-image\">\n\t\t\t\t\t\t\t\t\t\t<img width=\"930\" height=\"588\" src=\"https:\/\/www.florianbagur.fr\/wordpress_dubois\/wp-content\/uploads\/2019\/09\/cheval_dubois.jpg\" class=\"attachment-full size-full\" alt=\"cheval au travail dans les vignes\" loading=\"lazy\" srcset=\"https:\/\/www.florianbagur.fr\/wordpress_dubois\/wp-content\/uploads\/2019\/09\/cheval_dubois.jpg 930w, https:\/\/www.florianbagur.fr\/wordpress_dubois\/wp-content\/uploads\/2019\/09\/cheval_dubois-300x190.jpg 300w, https:\/\/www.florianbagur.fr\/wordpress_dubois\/wp-content\/uploads\/2019\/09\/cheval_dubois-768x486.jpg 768w\" sizes=\"(max-width: 930px) 100vw, 930px\" \/>\t\t\t\t\t\t\t\t\t\t\t<\/div>\n\t\t\t\t<\/div>\n\t\t\t\t<\/div>\n\t\t\t\t\t\t<\/div>\n\t\t\t\t\t<\/div>\n\t\t<\/div>\n\t\t\t\t<div class=\"elementor-column elementor-col-50 elementor-inner-column elementor-element elementor-element-050bc9f\" data-id=\"050bc9f\" data-element_type=\"column\">\n\t\t\t<div class=\"elementor-column-wrap\">\n\t\t\t\t\t\t\t<div class=\"elementor-widget-wrap\">\n\t\t\t\t\t\t\t\t<\/div>\n\t\t\t\t\t<\/div>\n\t\t<\/div>\n\t\t\t\t\t\t\t\t<\/div>\n\t\t\t\t\t<\/div>\n\t\t<\/section>\n\t\t\t\t<section class=\"elementor-section elementor-inner-section elementor-element elementor-element-2e91f09 elementor-section-boxed elementor-section-height-default elementor-section-height-default\" data-id=\"2e91f09\" data-element_type=\"section\">\n\t\t\t\t\t\t<div class=\"elementor-container elementor-column-gap-no\">\n\t\t\t\t\t\t\t<div class=\"elementor-row\">\n\t\t\t\t\t<div class=\"elementor-column elementor-col-50 elementor-inner-column elementor-element elementor-element-77be7f3\" data-id=\"77be7f3\" data-element_type=\"column\">\n\t\t\t<div class=\"elementor-column-wrap\">\n\t\t\t\t\t\t\t<div class=\"elementor-widget-wrap\">\n\t\t\t\t\t\t\t\t<\/div>\n\t\t\t\t\t<\/div>\n\t\t<\/div>\n\t\t\t\t<div class=\"elementor-column elementor-col-50 elementor-inner-column elementor-element elementor-element-11c2b85\" data-id=\"11c2b85\" data-element_type=\"column\">\n\t\t\t<div class=\"elementor-column-wrap elementor-element-populated\">\n\t\t\t\t\t\t\t<div class=\"elementor-widget-wrap\">\n\t\t\t\t\t\t<div class=\"elementor-element elementor-element-abc479e droit elementor-widget elementor-widget-text-editor\" data-id=\"abc479e\" data-element_type=\"widget\" data-widget_type=\"text-editor.default\">\n\t\t\t\t<div class=\"elementor-widget-container\">\n\t\t\t\t\t<div class=\"elementor-text-editor elementor-clearfix\"><h2>Extrait du Rapport d\u2019Analyse<\/h2><p>Les d\u00e9sherbants recherch\u00e9s par le laboratoire sont en rouge. Les r\u00e9sultats prouvent qu\u2019aucune trace n\u2019a \u00e9t\u00e9 d\u00e9tect\u00e9e dans la bouteille envoy\u00e9e pour analyse.<br \/>L\u2019Acide Phosphoreux est un composant que l\u2019on va pouvoir retrouver naturellement pr\u00e9sent dans le vin sous forme organique et min\u00e9rale.<\/p><p><a href=\"#\">T\u00e9l\u00e9chargez le rapport d\u2019analyse<\/a><\/p><\/div>\n\t\t\t\t<\/div>\n\t\t\t\t<\/div>\n\t\t\t\t\t\t<\/div>\n\t\t\t\t\t<\/div>\n\t\t<\/div>\n\t\t\t\t\t\t\t\t<\/div>\n\t\t\t\t\t<\/div>\n\t\t<\/section>\n\t\t\t\t\t\t<\/div>\n\t\t\t\t\t<\/div>\n\t\t<\/div>\n\t\t\t\t\t\t\t\t<\/div>\n\t\t\t\t\t<\/div>\n\t\t<\/section>\n\t\t\t\t\t\t<\/div>\n\t\t\t\t\t\t<\/div>\n\t\t\t\t\t<\/div>\n\t\t","protected":false},"excerpt":{"rendered":"<p>Prendre soin de l\u2019environnement Parce que chez champagne Fran\u00e7ois Dubois, nous travaillons les vignes avec soin depuis 1764, nous mettons tout en oeuvre pour limiter et r\u00e9duire les produits utilis\u00e9s. Nos objectifs pour 2016 sont d\u2019obtenir la certification \u00ab Viticulture Durable \u00bb et d\u2019atteindre z\u00e9ros d\u00e9sherbants. Afin de vous montrer que nous prenons tr\u00e8s au [&hellip;]<\/p>\n","protected":false},"author":1,"featured_media":0,"parent":0,"menu_order":0,"comment_status":"closed","ping_status":"closed","template":"","meta":[],"_links":{"self":[{"href":"https:\/\/www.florianbagur.fr\/wordpress_dubois\/wp-json\/wp\/v2\/pages\/158"}],"collection":[{"href":"https:\/\/www.florianbagur.fr\/wordpress_dubois\/wp-json\/wp\/v2\/pages"}],"about":[{"href":"https:\/\/www.florianbagur.fr\/wordpress_dubois\/wp-json\/wp\/v2\/types\/page"}],"author":[{"embeddable":true,"href":"https:\/\/www.florianbagur.fr\/wordpress_dubois\/wp-json\/wp\/v2\/users\/1"}],"replies":[{"embeddable":true,"href":"https:\/\/www.florianbagur.fr\/wordpress_dubois\/wp-json\/wp\/v2\/comments?post=158"}],"version-history":[{"count":21,"href":"https:\/\/www.florianbagur.fr\/wordpress_dubois\/wp-json\/wp\/v2\/pages\/158\/revisions"}],"predecessor-version":[{"id":596,"href":"https:\/\/www.florianbagur.fr\/wordpress_dubois\/wp-json\/wp\/v2\/pages\/158\/revisions\/596"}],"wp:attachment":[{"href":"https:\/\/www.florianbagur.fr\/wordpress_dubois\/wp-json\/wp\/v2\/media?parent=158"}],"curies":[{"name":"wp","href":"https:\/\/api.w.org\/{rel}","templated":true}]}}